{"id":5324,"date":"2016-01-25T02:53:27","date_gmt":"2016-01-24T23:53:27","guid":{"rendered":"https:\/\/padmedesigns.com\/about-us-2\/"},"modified":"2025-11-14T18:05:46","modified_gmt":"2025-11-14T15:05:46","slug":"about-us-2","status":"publish","type":"page","link":"https:\/\/padmedesigns.com\/en\/about-us-2\/","title":{"rendered":"About Us"},"content":{"rendered":"<div id=\"pl-5324\"  class=\"panel-layout\" ><div id=\"pg-5324-0\"  class=\"panel-grid panel-has-style\" ><div class=\"panel-row-style panel-row-style-for-5324-0\" ><div id=\"pgc-5324-0-0\"  class=\"panel-grid-cell\" ><div id=\"panel-5324-0-0-0\" class=\"so-panel widget widget_sow-image panel-first-child panel-last-child\" data-index=\"0\" ><div\n\t\t\t\n\t\t\tclass=\"so-widget-sow-image so-widget-sow-image-default-4b231843ec72-5324\"\n\t\t\t\n\t\t>\n\n<div class=\"sow-image-container\">\n\t\t<img decoding=\"async\" src=\"https:\/\/padmedesigns.com\/wp-content\/uploads\/2023\/01\/ipek.png\" width=\"1000\" height=\"667\" srcset=\"https:\/\/padmedesigns.com\/wp-content\/uploads\/2023\/01\/ipek.png 1000w, https:\/\/padmedesigns.com\/wp-content\/uploads\/2023\/01\/ipek-480x320.png 480w, https:\/\/padmedesigns.com\/wp-content\/uploads\/2023\/01\/ipek-300x200.png 300w, https:\/\/padmedesigns.com\/wp-content\/uploads\/2023\/01\/ipek-768x512.png 768w, https:\/\/padmedesigns.com\/wp-content\/uploads\/2023\/01\/ipek-272x182.png 272w\" sizes=\"auto, (max-width: 1000px) 100vw, 1000px\" alt=\"\" loading=\"lazy\" \t\tclass=\"so-widget-image\"\/>\n\t<\/div>\n\n<\/div><\/div><\/div><div id=\"pgc-5324-0-1\"  class=\"panel-grid-cell\" ><div id=\"panel-5324-0-1-0\" class=\"so-panel widget widget_sow-editor panel-first-child panel-last-child\" data-index=\"1\" ><div\n\t\t\t\n\t\t\tclass=\"so-widget-sow-editor so-widget-sow-editor-base\"\n\t\t\t\n\t\t>\n<div class=\"siteorigin-widget-tinymce textwidget\">\n\t<p>\u0130pek Selek Ad\u0131g\u00fczel returned to Turkey after graduating from Northwestern University with a bachelor's degree with a double major in Industrial Engineering and Economics. After working for a while in important brands of the fashion industry, she turned to different pursuits outside the corporate environment. During her trip to India during this period, she met the mantra \"<b>Om mani padme hum<\/b>\", the jewel in the lotus, and started the process of realizing her dreams. This mantra, which speaks of a snow-white lotus flower growing in a swamp, and the layered petals of the lotus flower symbolize the awakening of consciousness and rebirth for \u0130pek Selek Ad\u0131g\u00fczel.<\/p>\n<p>Because of her interest in jewelry, designing jewelry became more than a hobby for her, it became a passion. In order to fully devote herself to her work and design the products of her dreams, she moved away from corporate life and started working in a jewelry workshop in the Grand Bazaar. In addition to these studies, she completed jewelry, diamond and colored stone trainings at GIA<i>(Gemological Institute of America) <\/i>and received the title of AJP, <i>Accredited Jewellery Professional<\/i>.<\/p>\n<p>In 2014, \u0130pek Selek Ad\u0131g\u00fczel created Padme Designs, inspired by the mantra <b>\"Om mani padme hum\"<\/b> that guided her on her journey. Equipped with 14K gold and precious stones, the jewels become integrated with their owner over time and become \"<b>Daily Reminders\"<\/b> in the hustle and bustle of daily life. She integrates the ideas that are a source of motivation and happiness for her with her designs for those seeking inner peace...<\/p>\n<\/div>\n<\/div><\/div><\/div><\/div><\/div><\/div>","protected":false},"excerpt":{"rendered":"<p>\u0130pek Selek Ad\u0131g\u00fczel returned to Turkey after graduating from Northwestern University with a bachelor&#8217;s degree with a double major in Industrial Engineering and Economics. After working for a while in important brands of the fashion industry, she turned to different pursuits outside the corporate environment. During her trip to India during this period, she met [&hellip;]<\/p>\n","protected":false},"author":1,"featured_media":0,"parent":0,"menu_order":0,"comment_status":"closed","ping_status":"closed","template":"page-templates\/blank.php","meta":{"om_disable_all_campaigns":false,"_mi_skip_tracking":false,"footnotes":""},"class_list":["post-5324","page","type-page","status-publish","hentry"],"_links":{"self":[{"href":"https:\/\/padmedesigns.com\/en\/wp-json\/wp\/v2\/pages\/5324","targetHints":{"allow":["GET"]}}],"collection":[{"href":"https:\/\/padmedesigns.com\/en\/wp-json\/wp\/v2\/pages"}],"about":[{"href":"https:\/\/padmedesigns.com\/en\/wp-json\/wp\/v2\/types\/page"}],"author":[{"embeddable":true,"href":"https:\/\/padmedesigns.com\/en\/wp-json\/wp\/v2\/users\/1"}],"replies":[{"embeddable":true,"href":"https:\/\/padmedesigns.com\/en\/wp-json\/wp\/v2\/comments?post=5324"}],"version-history":[{"count":1,"href":"https:\/\/padmedesigns.com\/en\/wp-json\/wp\/v2\/pages\/5324\/revisions"}],"predecessor-version":[{"id":5999,"href":"https:\/\/padmedesigns.com\/en\/wp-json\/wp\/v2\/pages\/5324\/revisions\/5999"}],"wp:attachment":[{"href":"https:\/\/padmedesigns.com\/en\/wp-json\/wp\/v2\/media?parent=5324"}],"curies":[{"name":"wp","href":"https:\/\/api.w.org\/{rel}","templated":true}]}}